{"id":12736,"date":"2024-08-23T09:30:23","date_gmt":"2024-08-23T06:30:23","guid":{"rendered":"https:\/\/joepuhkekeskus.ee\/parkimine\/"},"modified":"2024-08-23T09:53:10","modified_gmt":"2024-08-23T06:53:10","slug":"parking","status":"publish","type":"page","link":"https:\/\/joepuhkekeskus.ee\/en\/parking\/","title":{"rendered":"Parking"},"content":{"rendered":"\n<p><\/p>\n\n<p class=\"has-medium-font-size\"><strong>How to get your camping key &amp; remote control for the gate:<\/strong><\/p>\n\n<ol>\n<li><strong>Key Safe:<\/strong> There is a key safe next to the house door. To open it, enter the code provided to you.<\/li>\n\n\n\n<li><strong>Pull the Button:<\/strong> After entering the code, pull the button on the left side.<\/li>\n\n\n\n<li><strong>Retrieving the Key:<\/strong> This will open the grey box where you will find the house key.<\/li>\n<\/ol>\n\n<p class=\"has-medium-font-size\"><strong>Important Information for Visitors:<\/strong><\/p>\n\n<ul>\n<li>Please leave your vehicle outside the gate. Therefore, you are not required to pay the Europark parking fee (5 EUR) upon entry.<\/li>\n\n\n\n<li><strong>Entering the Area:<\/strong> Enter the area through the opening next to the gate. After finding your camping spot, use the code lock provided to you.<\/li>\n\n\n\n<li><strong>Gate Opening:<\/strong> The camping keys come with a remote control for the gate. To open the gate, press the left button and drive into the area.<\/li>\n\n\n\n<li><strong>Departure:<\/strong> When leaving, follow the same procedure as when entering. Return the camping keys and the remote control to the key safe.<\/li>\n<\/ul>\n\n<p class=\"has-medium-font-size\"><strong>Additional Information:<\/strong><\/p>\n\n<p><\/p>\n\n<ul>\n<li>If the camping key and remote control are lost, a fee of 50 EUR will be charged.<\/li>\n<\/ul>\n\n<p><br\/>We wish you a pleasant stay!<\/p>\n\n<p>Best regards,<br\/>Rannapungerja J\u00f5ek\u00e4\u00e4ru Holiday Center<\/p>\n\n<p><\/p>\n","protected":false},"excerpt":{"rendered":"<p>How to get your camping key &amp; remote control for the gate: Important Information for Visitors: Additional Information: We wish you a pleasant stay! Best regards,Rannapungerja J\u00f5ek\u00e4\u00e4ru Holiday Center<\/p>\n","protected":false},"author":2,"featured_media":0,"parent":0,"menu_order":0,"comment_status":"closed","ping_status":"closed","template":"","meta":{"_seopress_robots_primary_cat":"","_seopress_titles_title":"","_seopress_titles_desc":"Siit leiate samm-sammulised juhised oma k\u00e4mpingu v\u00f5tmete k\u00e4ttesaamiseks ja v\u00e4rava avamiseks, et teie puhkus kulgeks muretult. Lisainfo parkimisest ja v\u00f5tmete tagastamisest.","_seopress_robots_index":"","ngg_post_thumbnail":0,"footnotes":""},"_links":{"self":[{"href":"https:\/\/joepuhkekeskus.ee\/en\/wp-json\/wp\/v2\/pages\/12736"}],"collection":[{"href":"https:\/\/joepuhkekeskus.ee\/en\/wp-json\/wp\/v2\/pages"}],"about":[{"href":"https:\/\/joepuhkekeskus.ee\/en\/wp-json\/wp\/v2\/types\/page"}],"author":[{"embeddable":true,"href":"https:\/\/joepuhkekeskus.ee\/en\/wp-json\/wp\/v2\/users\/2"}],"replies":[{"embeddable":true,"href":"https:\/\/joepuhkekeskus.ee\/en\/wp-json\/wp\/v2\/comments?post=12736"}],"version-history":[{"count":7,"href":"https:\/\/joepuhkekeskus.ee\/en\/wp-json\/wp\/v2\/pages\/12736\/revisions"}],"predecessor-version":[{"id":12768,"href":"https:\/\/joepuhkekeskus.ee\/en\/wp-json\/wp\/v2\/pages\/12736\/revisions\/12768"}],"wp:attachment":[{"href":"https:\/\/joepuhkekeskus.ee\/en\/wp-json\/wp\/v2\/media?parent=12736"}],"curies":[{"name":"wp","href":"https:\/\/api.w.org\/{rel}","templated":true}]}}