{"id":11629,"date":"2024-03-26T08:42:09","date_gmt":"2024-03-26T08:42:09","guid":{"rendered":"https:\/\/joepuhkekeskus.ee\/pravila-i-usloviya\/"},"modified":"2024-05-30T17:06:11","modified_gmt":"2024-05-30T17:06:11","slug":"pravila-i-usloviya","status":"publish","type":"page","link":"https:\/\/joepuhkekeskus.ee\/ru\/pravila-i-usloviya\/","title":{"rendered":"\u041f\u0440\u0430\u0432\u0438\u043b\u0430 \u0438 \u0443\u0441\u043b\u043e\u0432\u0438\u044f"},"content":{"rendered":"\n<h2 class=\"wp-block-heading\">\u0423\u0441\u043b\u043e\u0432\u0438\u044f \u043f\u043e\u0434\u043f\u0438\u0441\u043a\u0438<\/h2>\n\n<h3 class=\"wp-block-heading\">1. \u0421\u0444\u0435\u0440\u0430 \u0434\u0435\u0439\u0441\u0442\u0432\u0438\u044f \u0438 \u0441\u0440\u043e\u043a \u0434\u0435\u0439\u0441\u0442\u0432\u0438\u044f \u0423\u0441\u043b\u043e\u0432\u0438\u0439<\/h3>\n\n<p>1.1. \u041d\u0430\u0441\u0442\u043e\u044f\u0449\u0438\u0435 \u041f\u0440\u0430\u0432\u0438\u043b\u0430 \u0438 \u0443\u0441\u043b\u043e\u0432\u0438\u044f \u0440\u0430\u0441\u043f\u0440\u043e\u0441\u0442\u0440\u0430\u043d\u044f\u044e\u0442\u0441\u044f \u043d\u0430 \u043f\u0440\u0430\u0432\u043e\u0432\u044b\u0435 \u043e\u0442\u043d\u043e\u0448\u0435\u043d\u0438\u044f \u043c\u0435\u0436\u0434\u0443 \u043b\u0438\u0446\u043e\u043c (\u0434\u0430\u043b\u0435\u0435 &#8212; \u041a\u043b\u0438\u0435\u043d\u0442) \u0438 AS Agdeck (\u0434\u0430\u043b\u0435\u0435 &#8212; J\u00f5hek\u00e4\u00e4ru), \u043e\u043f\u0435\u0440\u0430\u0442\u043e\u0440\u043e\u043c \u0441\u0440\u0435\u0434\u044b \u0431\u0440\u043e\u043d\u0438\u0440\u043e\u0432\u0430\u043d\u0438\u044f<a href=\"mailto:joekaaru@joepuhkekeskus.ee\" target=\"_blank\" rel=\"noopener\">www.joepuhkekeskus.ee<\/a> (\u0434\u0430\u043b\u0435\u0435 &#8212; \u0441\u0440\u0435\u0434\u0430 \u0431\u0440\u043e\u043d\u0438\u0440\u043e\u0432\u0430\u043d\u0438\u044f J\u00f5ek\u00e4\u00e4ru), \u0432 \u043e\u0442\u043d\u043e\u0448\u0435\u043d\u0438\u0438 \u043f\u0440\u0438\u043e\u0431\u0440\u0435\u0442\u0435\u043d\u0438\u044f \u0443\u0441\u043b\u0443\u0433 \u0438 \u0442\u043e\u0432\u0430\u0440\u043e\u0432 \u0432 \u0438\u043d\u0442\u0435\u0440\u043d\u0435\u0442-\u043c\u0430\u0433\u0430\u0437\u0438\u043d\u0435 J\u00f5ek\u00e4\u00e4ru.<\/p>\n\n<p>1.2. \u0412 \u0434\u043e\u043f\u043e\u043b\u043d\u0435\u043d\u0438\u0435 \u043a \u043d\u0430\u0441\u0442\u043e\u044f\u0449\u0438\u043c \u0443\u0441\u043b\u043e\u0432\u0438\u044f\u043c \u043f\u0440\u0430\u0432\u043e\u0432\u044b\u0435 \u043e\u0442\u043d\u043e\u0448\u0435\u043d\u0438\u044f, \u0432\u043e\u0437\u043d\u0438\u043a\u0430\u044e\u0449\u0438\u0435 \u043f\u0440\u0438 \u043f\u043e\u043a\u0443\u043f\u043a\u0435 \u0443\u0441\u043b\u0443\u0433 \u0438 \u0442\u043e\u0432\u0430\u0440\u043e\u0432 \u0432 \u0438\u043d\u0442\u0435\u0440\u043d\u0435\u0442-\u043c\u0430\u0433\u0430\u0437\u0438\u043d\u0435 J\u00f5ek\u00e4\u00e4ru, \u0440\u0435\u0433\u0443\u043b\u0438\u0440\u0443\u044e\u0442\u0441\u044f \u0434\u0435\u0439\u0441\u0442\u0432\u0443\u044e\u0449\u0438\u043c \u0432 \u042d\u0441\u0442\u043e\u043d\u0441\u043a\u043e\u0439 \u0420\u0435\u0441\u043f\u0443\u0431\u043b\u0438\u043a\u0435 \u0437\u0430\u043a\u043e\u043d\u043e\u0434\u0430\u0442\u0435\u043b\u044c\u0441\u0442\u0432\u043e\u043c.<\/p>\n\n<p>1.3 \u0421\u043e\u0432\u0435\u0440\u0448\u0430\u0442\u044c \u0441\u0434\u0435\u043b\u043a\u0438 \u0432 \u0438\u043d\u0442\u0435\u0440\u043d\u0435\u0442-\u043c\u0430\u0433\u0430\u0437\u0438\u043d\u0435 \u0438\u043b\u0438 \u043d\u0430 \u0441\u0430\u0439\u0442\u0435 J\u00f5ek\u00e4\u00e4ru \u043c\u043e\u0436\u0435\u0442 \u043b\u0438\u0446\u043e, \u0434\u043e\u0441\u0442\u0438\u0433\u0448\u0435\u0435 18 \u043b\u0435\u0442 \u0438 \u043e\u0431\u043b\u0430\u0434\u0430\u044e\u0449\u0435\u0435 \u0434\u0435\u0435\u0441\u043f\u043e\u0441\u043e\u0431\u043d\u043e\u0441\u0442\u044c\u044e. \u041b\u0438\u0446\u043e, \u0447\u0435\u0439 \u0431\u0430\u043d\u043a\u043e\u0432\u0441\u043a\u0438\u0439 \u0441\u0447\u0435\u0442 \u0438\u043b\u0438 \u043a\u0440\u0435\u0434\u0438\u0442\u043d\u0430\u044f \u043a\u0430\u0440\u0442\u0430 \u0438\u0441\u043f\u043e\u043b\u044c\u0437\u0443\u0435\u0442\u0441\u044f \u0434\u043b\u044f \u0441\u043e\u0432\u0435\u0440\u0448\u0435\u043d\u0438\u044f \u043f\u043b\u0430\u0442\u0435\u0436\u0430, \u043d\u0435\u0441\u0435\u0442 \u043e\u0442\u0432\u0435\u0442\u0441\u0442\u0432\u0435\u043d\u043d\u043e\u0441\u0442\u044c \u0437\u0430 \u043f\u043e\u0441\u043b\u0435\u0434\u0441\u0442\u0432\u0438\u044f \u0437\u0430\u043a\u0430\u0437\u043e\u0432, \u0440\u0430\u0437\u043c\u0435\u0449\u0435\u043d\u043d\u044b\u0445 \u043b\u0438\u0446\u043e\u043c, \u043d\u0435 \u0441\u043e\u0431\u043b\u044e\u0434\u0430\u044e\u0449\u0438\u043c \u0442\u0440\u0435\u0431\u043e\u0432\u0430\u043d\u0438\u044f.<\/p>\n\n<p><\/p>\n\n<h3 class=\"wp-block-heading\">\u0426\u0435\u043d\u0430<\/h3>\n\n<p>2. \u0426\u0435\u043d\u0430<\/p>\n\n<p>2.1. \u0412\u0441\u0435 \u0446\u0435\u043d\u044b \u0443\u043a\u0430\u0437\u0430\u043d\u044b \u0432 \u0435\u0432\u0440\u043e \u0438 \u0432\u043a\u043b\u044e\u0447\u0430\u044e\u0442 \u043d\u0430\u043b\u043e\u0433 \u043d\u0430 \u0434\u043e\u0431\u0430\u0432\u043b\u0435\u043d\u043d\u0443\u044e \u0441\u0442\u043e\u0438\u043c\u043e\u0441\u0442\u044c, \u0434\u0435\u0439\u0441\u0442\u0432\u0443\u044e\u0449\u0438\u0439 \u0432 \u042d\u0441\u0442\u043e\u043d\u0441\u043a\u043e\u0439 \u0420\u0435\u0441\u043f\u0443\u0431\u043b\u0438\u043a\u0435.<\/p>\n\n<h2 class=\"wp-block-heading\">\u0423\u0441\u043b\u043e\u0432\u0438\u044f \u043e\u043f\u043b\u0430\u0442\u044b<\/h2>\n\n<h3 class=\"wp-block-heading\">3. \u041e\u043f\u043b\u0430\u0442\u0430 \u043f\u0440\u043e\u0434\u0443\u043a\u0446\u0438\u0438<\/h3>\n\n<p>3.1 \u0417\u0430 \u0443\u0441\u043b\u0443\u0433\u0443\/\u043f\u0440\u043e\u0434\u0443\u043a\u0442, \u043f\u0440\u0438\u043e\u0431\u0440\u0435\u0442\u0435\u043d\u043d\u044b\u0439 \u041a\u043b\u0438\u0435\u043d\u0442\u043e\u043c \u0432 \u044d\u043b\u0435\u043a\u0442\u0440\u043e\u043d\u043d\u043e\u043c \u043c\u0430\u0433\u0430\u0437\u0438\u043d\u0435, \u0442.\u0435. \u043d\u0430 \u0441\u0430\u0439\u0442\u0435 J\u00f5ek\u00e4\u00e4r, \u043d\u0435\u043e\u0431\u0445\u043e\u0434\u0438\u043c\u043e \u043e\u043f\u043b\u0430\u0442\u0438\u0442\u044c \u043f\u043e\u043b\u043d\u0443\u044e \u0441\u0442\u043e\u0438\u043c\u043e\u0441\u0442\u044c \u0432\u044b\u0431\u0440\u0430\u043d\u043d\u043e\u0439 \u0443\u0441\u043b\u0443\u0433\u0438. \u0412\u043d\u043e\u0441\u044f \u043f\u043b\u0430\u0442\u0443, \u043a\u043b\u0438\u0435\u043d\u0442 \u043f\u043e\u0434\u0442\u0432\u0435\u0440\u0436\u0434\u0430\u0435\u0442, \u0447\u0442\u043e \u043e\u043d \u043f\u0440\u043e\u0447\u0438\u0442\u0430\u043b \u0438 \u043f\u0440\u0438\u043d\u0438\u043c\u0430\u0435\u0442 \u0432\u0441\u0435 \u0443\u0441\u043b\u043e\u0432\u0438\u044f, \u043f\u0440\u0435\u0434\u043e\u0441\u0442\u0430\u0432\u043b\u0435\u043d\u043d\u044b\u0435 \u043f\u043e\u0441\u0442\u0430\u0432\u0449\u0438\u043a\u043e\u043c \u0443\u0441\u043b\u0443\u0433 \u0447\u0435\u0440\u0435\u0437 \u0438\u043d\u0442\u0435\u0440\u043d\u0435\u0442-\u043c\u0430\u0433\u0430\u0437\u0438\u043d.<\/p>\n\n<p><\/p>\n\n<p><\/p>\n\n<h2 class=\"wp-block-heading\">\u041e\u0442\u043c\u0435\u043d\u0430 \u0437\u0430\u043a\u0430\u0437\u0430 \u0438 \u0432\u043e\u0437\u0432\u0440\u0430\u0442 \u0434\u0435\u043d\u0435\u0433<\/h2>\n\n<h3 class=\"wp-block-heading\">4. \u041e\u0442\u043c\u0435\u043d\u0430 \u0438 \u0432\u043e\u0437\u0432\u0440\u0430\u0442 \u0437\u0430\u043a\u0430\u0437\u0430<\/h3>\n\n<p>4.1 \u041e\u0442\u043c\u0435\u043d\u0430 \u0441\u0434\u0435\u043b\u043a\u0438, \u0441\u043e\u0432\u0435\u0440\u0448\u0435\u043d\u043d\u043e\u0439 \u0432 \u0438\u043d\u0442\u0435\u0440\u043d\u0435\u0442-\u043c\u0430\u0433\u0430\u0437\u0438\u043d\u0435 \u0438\u043b\u0438 \u043d\u0430 \u0441\u0430\u0439\u0442\u0435 J\u00f5ek\u00e4\u00e4ru, \u0432\u043e\u0437\u043c\u043e\u0436\u043d\u0430 \u0442\u043e\u043b\u044c\u043a\u043e \u0441 \u0441\u043e\u0433\u043b\u0430\u0441\u0438\u044f AS Agdeck.  <\/p>\n\n<h2 class=\"wp-block-heading\">\u041a\u043e\u043d\u0444\u0438\u0434\u0435\u043d\u0446\u0438\u0430\u043b\u044c\u043d\u043e\u0441\u0442\u044c<\/h2>\n\n<p>5. AS Agdeck \u044f\u0432\u043b\u044f\u0435\u0442\u0441\u044f \u043a\u043e\u043d\u0442\u0440\u043e\u043b\u0435\u0440\u043e\u043c \u043f\u0435\u0440\u0441\u043e\u043d\u0430\u043b\u044c\u043d\u044b\u0445 \u0434\u0430\u043d\u043d\u044b\u0445.<\/p>\n\n<p>6.\u041f\u0435\u0440\u0441\u043e\u043d\u0430\u043b\u044c\u043d\u044b\u0435 \u0434\u0430\u043d\u043d\u044b\u0435, \u043f\u0440\u0435\u0434\u043e\u0441\u0442\u0430\u0432\u043b\u044f\u0435\u043c\u044b\u0435 \u0432 \u0438\u043d\u0442\u0435\u0440\u043d\u0435\u0442-\u043c\u0430\u0433\u0430\u0437\u0438\u043d\u0435 \u0438\u043b\u0438 \u043d\u0430 \u0441\u0430\u0439\u0442\u0435 J\u00f5ek\u00e4\u00e4ru \u043f\u0440\u0438 \u043e\u0444\u043e\u0440\u043c\u043b\u0435\u043d\u0438\u0438 \u0437\u0430\u043a\u0430\u0437\u0430 \u0438 \u0441\u043e\u0432\u0435\u0440\u0448\u0435\u043d\u0438\u0438 \u043f\u043e\u043a\u0443\u043f\u043a\u0438, \u044f\u0432\u043b\u044f\u044e\u0442\u0441\u044f \u043a\u043e\u043d\u0444\u0438\u0434\u0435\u043d\u0446\u0438\u0430\u043b\u044c\u043d\u044b\u043c\u0438 \u0438 \u043e\u0431\u0440\u0430\u0431\u0430\u0442\u044b\u0432\u0430\u044e\u0442\u0441\u044f \u0432 \u0441\u043e\u043e\u0442\u0432\u0435\u0442\u0441\u0442\u0432\u0438\u0438 \u0441 \u0442\u0440\u0435\u0431\u043e\u0432\u0430\u043d\u0438\u044f\u043c\u0438 \u0417\u0430\u043a\u043e\u043d\u0430 \u043e \u043f\u0435\u0440\u0441\u043e\u043d\u0430\u043b\u044c\u043d\u044b\u0445 \u0434\u0430\u043d\u043d\u044b\u0445. AS Agdeck \u043d\u0435 \u0440\u0430\u0441\u043a\u0440\u044b\u0432\u0430\u0435\u0442 \u043b\u0438\u0447\u043d\u044b\u0435 \u0434\u0430\u043d\u043d\u044b\u0435 \u041a\u043b\u0438\u0435\u043d\u0442\u0430 \u0434\u0440\u0443\u0433\u0438\u043c \u043b\u0438\u0446\u0430\u043c \u0431\u0435\u0437 \u0441\u043e\u0433\u043b\u0430\u0441\u0438\u044f \u041a\u043b\u0438\u0435\u043d\u0442\u0430.<\/p>\n\n<h2 class=\"wp-block-heading\">\u0414\u0440\u0443\u0433\u0438\u0435<\/h2>\n\n<p>6. \u0421\u043f\u043e\u0440\u044b \u043c\u0435\u0436\u0434\u0443 \u043a\u043b\u0438\u0435\u043d\u0442\u043e\u043c \u0438 AS Agdeck, \u0432\u043e\u0437\u043d\u0438\u043a\u0430\u044e\u0449\u0438\u0435 \u043f\u0440\u0438 \u0437\u0430\u043a\u0430\u0437\u0435 \u0438 \u043f\u043e\u043a\u0443\u043f\u043a\u0435 \u0443\u0441\u043b\u0443\u0433 \u0447\u0435\u0440\u0435\u0437 \u0438\u043d\u0442\u0435\u0440\u043d\u0435\u0442-\u043c\u0430\u0433\u0430\u0437\u0438\u043d, \u0440\u0430\u0437\u0440\u0435\u0448\u0430\u044e\u0442\u0441\u044f \u043f\u0443\u0442\u0435\u043c \u043f\u0435\u0440\u0435\u0433\u043e\u0432\u043e\u0440\u043e\u0432. \u0412 \u0441\u043b\u0443\u0447\u0430\u0435 \u043d\u0435\u0434\u043e\u0441\u0442\u0438\u0436\u0435\u043d\u0438\u044f \u0441\u043e\u0433\u043b\u0430\u0448\u0435\u043d\u0438\u044f \u041a\u043b\u0438\u0435\u043d\u0442 \u0438\u043c\u0435\u0435\u0442 \u043f\u0440\u0430\u0432\u043e \u043e\u0431\u0440\u0430\u0442\u0438\u0442\u044c\u0441\u044f \u0432 \u0421\u043e\u0432\u0435\u0442 \u043f\u043e \u0437\u0430\u0449\u0438\u0442\u0435 \u043f\u0440\u0430\u0432 \u043f\u043e\u0442\u0440\u0435\u0431\u0438\u0442\u0435\u043b\u0435\u0439 \u0438\u043b\u0438 \u0432 \u043e\u043a\u0440\u0443\u0436\u043d\u043e\u0439 \u0441\u0443\u0434 \u0412\u0438\u0440\u0443 \u0434\u043b\u044f \u0437\u0430\u0449\u0438\u0442\u044b \u0441\u0432\u043e\u0438\u0445 \u043f\u0440\u0430\u0432. \u0420\u0430\u0437\u0440\u0435\u0448\u0435\u043d\u0438\u0435 \u0441\u043f\u043e\u0440\u043e\u0432 \u0438 \u0432\u043e\u043f\u0440\u043e\u0441\u043e\u0432, \u043d\u0435 \u043e\u0433\u043e\u0432\u043e\u0440\u0435\u043d\u043d\u044b\u0445 \u0432 \u043d\u0430\u0441\u0442\u043e\u044f\u0449\u0438\u0445 \u0423\u0441\u043b\u043e\u0432\u0438\u044f\u0445, \u043e\u0441\u0443\u0449\u0435\u0441\u0442\u0432\u043b\u044f\u0435\u0442\u0441\u044f \u043d\u0430 \u043e\u0441\u043d\u043e\u0432\u0430\u043d\u0438\u0438 \u0437\u0430\u043a\u043e\u043d\u043e\u0434\u0430\u0442\u0435\u043b\u044c\u0441\u0442\u0432\u0430, \u0434\u0435\u0439\u0441\u0442\u0432\u0443\u044e\u0449\u0435\u0433\u043e \u0432 \u042d\u0441\u0442\u043e\u043d\u0441\u043a\u043e\u0439 \u0420\u0435\u0441\u043f\u0443\u0431\u043b\u0438\u043a\u0435.<\/p>\n\n<h2 class=\"wp-block-heading\">\u0414\u0430\u043d\u043d\u044b\u0435 \u0438\u0437<\/h2>\n\n<p><strong>AS Agdeck<\/strong> (\u0412\u0438\u0440\u043e\u043d\u0438\u044f)<br\/>\u0418\u0434\u0430-\u0412\u0438\u0440\u0443\u043c\u0430\u0430, \u0419\u044b\u0445\u0432\u0438\u0441\u043a\u0430\u044f \u0432\u043e\u043b\u043e\u0441\u0442\u044c, \u0433\u043e\u0440\u043e\u0434 \u0419\u044b\u0445\u0432\u0438, \u0420\u0430\u043a\u0432\u0435\u0440\u0435 \u0434\u044b\u0438\u043a 5, 41531<\/p>\n\n<p>\u0420\u0435\u0433.\u043a\u043e\u0434 10266845<\/p>\n\n<p>KMRK: EE100125306<\/p>\n\n<p>\u041e\u0431\u0449\u0435\u0441\u0442\u0432\u0435\u043d\u043d\u044b\u0439 \u0442\u0435\u043b\u0435\u0444\u043e\u043d: +372 3364202, \u0434\u043b\u044f \u0431\u0440\u043e\u043d\u0438\u0440\u043e\u0432\u0430\u043d\u0438\u044f: GSM: +372 52 13754 \u0438 \u0442\u0435\u043b\u0435\u0444\u043e\u043d: +372 33 64 200.<\/p>\n\n<p>e-mail: \u0434\u043b\u044f \u0431\u0440\u043e\u043d\u0438\u0440\u043e\u0432\u0430\u043d\u0438\u044f \u0438 \u0440\u0430\u0437\u043c\u0435\u0449\u0435\u043d\u0438\u044f: <a href=\"mailto:info@joepuhkekeskus.ee\" target=\"_blank\" rel=\"noopener\">info@joepuhkekeskus.ee<\/a><\/p>\n\n<p><br\/><\/p>\n","protected":false},"excerpt":{"rendered":"<p>\u0423\u0441\u043b\u043e\u0432\u0438\u044f \u043f\u043e\u0434\u043f\u0438\u0441\u043a\u0438 1. \u0421\u0444\u0435\u0440\u0430 \u0434\u0435\u0439\u0441\u0442\u0432\u0438\u044f \u0438 \u0441\u0440\u043e\u043a \u0434\u0435\u0439\u0441\u0442\u0432\u0438\u044f \u0423\u0441\u043b\u043e\u0432\u0438\u0439 1.1. \u041d\u0430\u0441\u0442\u043e\u044f\u0449\u0438\u0435 \u041f\u0440\u0430\u0432\u0438\u043b\u0430 \u0438 \u0443\u0441\u043b\u043e\u0432\u0438\u044f \u0440\u0430\u0441\u043f\u0440\u043e\u0441\u0442\u0440\u0430\u043d\u044f\u044e\u0442\u0441\u044f \u043d\u0430 \u043f\u0440\u0430\u0432\u043e\u0432\u044b\u0435 \u043e\u0442\u043d\u043e\u0448\u0435\u043d\u0438\u044f \u043c\u0435\u0436\u0434\u0443 \u043b\u0438\u0446\u043e\u043c (\u0434\u0430\u043b\u0435\u0435 &#8212; \u041a\u043b\u0438\u0435\u043d\u0442) \u0438 AS Agdeck (\u0434\u0430\u043b\u0435\u0435 &#8212; J\u00f5hek\u00e4\u00e4ru), \u043e\u043f\u0435\u0440\u0430\u0442\u043e\u0440\u043e\u043c \u0441\u0440\u0435\u0434\u044b \u0431\u0440\u043e\u043d\u0438\u0440\u043e\u0432\u0430\u043d\u0438\u044fwww.joepuhkekeskus.ee (\u0434\u0430\u043b\u0435\u0435 &#8212; \u0441\u0440\u0435\u0434\u0430 \u0431\u0440\u043e\u043d\u0438\u0440\u043e\u0432\u0430\u043d\u0438\u044f J\u00f5ek\u00e4\u00e4ru), \u0432 \u043e\u0442\u043d\u043e\u0448\u0435\u043d\u0438\u0438 \u043f\u0440\u0438\u043e\u0431\u0440\u0435\u0442\u0435\u043d\u0438\u044f \u0443\u0441\u043b\u0443\u0433 \u0438 \u0442\u043e\u0432\u0430\u0440\u043e\u0432 \u0432 \u0438\u043d\u0442\u0435\u0440\u043d\u0435\u0442-\u043c\u0430\u0433\u0430\u0437\u0438\u043d\u0435 J\u00f5ek\u00e4\u00e4ru. 1.2. \u0412 \u0434\u043e\u043f\u043e\u043b\u043d\u0435\u043d\u0438\u0435 \u043a \u043d\u0430\u0441\u0442\u043e\u044f\u0449\u0438\u043c \u0443\u0441\u043b\u043e\u0432\u0438\u044f\u043c \u043f\u0440\u0430\u0432\u043e\u0432\u044b\u0435 \u043e\u0442\u043d\u043e\u0448\u0435\u043d\u0438\u044f, \u0432\u043e\u0437\u043d\u0438\u043a\u0430\u044e\u0449\u0438\u0435 [&hellip;]<\/p>\n","protected":false},"author":1,"featured_media":0,"parent":0,"menu_order":0,"comment_status":"closed","ping_status":"closed","template":"","meta":{"_seopress_robots_primary_cat":"","_seopress_titles_title":"","_seopress_titles_desc":"","_seopress_robots_index":"","ngg_post_thumbnail":0,"footnotes":""},"_links":{"self":[{"href":"https:\/\/joepuhkekeskus.ee\/ru\/wp-json\/wp\/v2\/pages\/11629"}],"collection":[{"href":"https:\/\/joepuhkekeskus.ee\/ru\/wp-json\/wp\/v2\/pages"}],"about":[{"href":"https:\/\/joepuhkekeskus.ee\/ru\/wp-json\/wp\/v2\/types\/page"}],"author":[{"embeddable":true,"href":"https:\/\/joepuhkekeskus.ee\/ru\/wp-json\/wp\/v2\/users\/1"}],"replies":[{"embeddable":true,"href":"https:\/\/joepuhkekeskus.ee\/ru\/wp-json\/wp\/v2\/comments?post=11629"}],"version-history":[{"count":2,"href":"https:\/\/joepuhkekeskus.ee\/ru\/wp-json\/wp\/v2\/pages\/11629\/revisions"}],"predecessor-version":[{"id":11635,"href":"https:\/\/joepuhkekeskus.ee\/ru\/wp-json\/wp\/v2\/pages\/11629\/revisions\/11635"}],"wp:attachment":[{"href":"https:\/\/joepuhkekeskus.ee\/ru\/wp-json\/wp\/v2\/media?parent=11629"}],"curies":[{"name":"wp","href":"https:\/\/api.w.org\/{rel}","templated":true}]}}