{"id":11660,"date":"2021-06-08T11:56:32","date_gmt":"2021-06-08T11:56:32","guid":{"rendered":"https:\/\/joepuhkekeskus.ee\/faq-ili-chasto-zadavaemye-voprosy\/"},"modified":"2024-05-30T17:49:04","modified_gmt":"2024-05-30T17:49:04","slug":"faq-ili-chasto-zadavaemye-voprosy","status":"publish","type":"page","link":"https:\/\/joepuhkekeskus.ee\/ru\/faq-ili-chasto-zadavaemye-voprosy\/","title":{"rendered":"FAQ \u0438\u043b\u0438 \u0447\u0430\u0441\u0442\u043e \u0437\u0430\u0434\u0430\u0432\u0430\u0435\u043c\u044b\u0435 \u0432\u043e\u043f\u0440\u043e\u0441\u044b"},"content":{"rendered":"\t\t<div data-elementor-type=\"wp-page\" data-elementor-id=\"11660\" class=\"elementor elementor-11660 elementor-1021\" data-elementor-post-type=\"page\">\n\t\t\t\t\t\t<section class=\"elementor-section elementor-top-section elementor-element elementor-element-6a7f61a elementor-section-full_width qodef-elementor-content-grid elementor-section-height-default elementor-section-height-default\" data-id=\"6a7f61a\" data-element_type=\"section\">\n\t\t\t\t\t\t<div class=\"elementor-container elementor-column-gap-default\">\n\t\t\t\t\t<div class=\"elementor-column elementor-col-100 elementor-top-column elementor-element elementor-element-9c6a0ad\" data-id=\"9c6a0ad\" data-element_type=\"column\">\n\t\t\t<div class=\"elementor-widget-wrap elementor-element-populated\">\n\t\t\t\t\t\t<div class=\"elementor-element elementor-element-d7f2f04 elementor-widget elementor-widget-kamperen_core_accordion\" data-id=\"d7f2f04\" data-element_type=\"widget\" data-widget_type=\"kamperen_core_accordion.default\">\n\t\t\t\t<div class=\"elementor-widget-container\">\n\t\t\t<div class=\"qodef-shortcode qodef-m  qodef-accordion clear qodef-behavior--\u043a\u043e\u043b\u0435\u043d\u0447\u0430\u0442\u044b\u0439 \u0440\u044b\u0447\u0430\u0433 qodef-layout--simple\">\n\t<h4 class=\"qodef-accordion-title\">\n\t<span class=\"qodef-tab-title\">Koeraga peatumine<\/span>\n\t<span class=\"qodef-accordion-mark\">\n\t\t<span class=\"qodef-icon--plus\">\n\t\t\t<svg xmlns=\"http:\/\/www.w3.org\/2000\/svg\" width=\"9.634\" height=\"5.509\" viewBox=\"0 0 9.634 5.509\">\n\t\t\t  <path d=\"M11.006,15.094l3.643-3.646a.686.686,0,0,1,.972,0,.694.694,0,0,1,0,.975l-4.128,4.131a.687.687,0,0,1-.949.02L6.388,12.427a.689.689,0,1,1,.972-.975Z\" transform=\"translate(-6.188 -11.246)\"\/>\n\t\t\t<\/svg>\n\t\t<\/span>\n\t\t<span class=\"qodef-icon--minus\">\n\t\t\t<svg xmlns=\"http:\/\/www.w3.org\/2000\/svg\" width=\"9.634\" height=\"5.509\" viewBox=\"0 0 9.634 5.509\">\n                <path d=\"M11.006,15.094l3.643-3.646a.686.686,0,0,1,.972,0,.694.694,0,0,1,0,.975l-4.128,4.131a.687.687,0,0,1-.949.02L6.388,12.427a.689.689,0,1,1,.972-.975Z\" transform=\"translate(15.822 16.755) rotate(180)\"\/>\n\t\t\t<\/svg>\n\t\t<\/span>\n\t<\/span>\n<\/h4>\n<div class=\"qodef-accordion-content\">\n\t<div class=\"qodef-accordion-content-inner\">\n\t\t<p><strong>Lemmikloomaga tulemine on lubatud, vajalik eelnev kokkuleppe.<\/strong><\/p><p>Palume tagada, et teie koer\u00a0 ei\u00a0 h\u00e4iriks avalikku korda, teiste puhkajate rahu ega teisi loomi.<\/p><p>Lemmikloom ei tohi j\u00e4\u00e4da k\u00e4mpingus ega seda \u00fcmbritseval territooriumil j\u00e4relevalveta.<\/p><p>Jalutama minnes \u00e4ra unusta kaasa v\u00f5tta h\u00fcgieenikott oma lemmikule. Hoiame puhtust ja loodust!<\/p><p>Lemmiklooma omanik kannab t\u00e4ielikku vastutust k\u00f5igi tagaj\u00e4rgede eest s.h. lemmiklooma poolt k\u00e4mpingu vara rikkumise eest\u00a0 ning on kohustatud tasuma kahjutasu meie poolt esitatud arve alusel<\/p>\t<\/div>\n<\/div>\n<\/div>\n\t\t<\/div>\n\t\t\t\t<\/div>\n\t\t\t\t<div class=\"elementor-element elementor-element-322e7d5 elementor-widget elementor-widget-kamperen_core_accordion\" data-id=\"322e7d5\" data-element_type=\"widget\" data-widget_type=\"kamperen_core_accordion.default\">\n\t\t\t\t<div class=\"elementor-widget-container\">\n\t\t\t<div class=\"qodef-shortcode qodef-m  qodef-accordion clear qodef-behavior--\u043a\u043e\u043b\u0435\u043d\u0447\u0430\u0442\u044b\u0439 \u0440\u044b\u0447\u0430\u0433 qodef-layout--simple\">\n\t<h4 class=\"qodef-accordion-title\">\n\t<span class=\"qodef-tab-title\">Kas autoga on v\u00f5imalik k\u00e4mpingumaja juures parkida?<\/span>\n\t<span class=\"qodef-accordion-mark\">\n\t\t<span class=\"qodef-icon--plus\">\n\t\t\t<svg xmlns=\"http:\/\/www.w3.org\/2000\/svg\" width=\"9.634\" height=\"5.509\" viewBox=\"0 0 9.634 5.509\">\n\t\t\t  <path d=\"M11.006,15.094l3.643-3.646a.686.686,0,0,1,.972,0,.694.694,0,0,1,0,.975l-4.128,4.131a.687.687,0,0,1-.949.02L6.388,12.427a.689.689,0,1,1,.972-.975Z\" transform=\"translate(-6.188 -11.246)\"\/>\n\t\t\t<\/svg>\n\t\t<\/span>\n\t\t<span class=\"qodef-icon--minus\">\n\t\t\t<svg xmlns=\"http:\/\/www.w3.org\/2000\/svg\" width=\"9.634\" height=\"5.509\" viewBox=\"0 0 9.634 5.509\">\n                <path d=\"M11.006,15.094l3.643-3.646a.686.686,0,0,1,.972,0,.694.694,0,0,1,0,.975l-4.128,4.131a.687.687,0,0,1-.949.02L6.388,12.427a.689.689,0,1,1,.972-.975Z\" transform=\"translate(15.822 16.755) rotate(180)\"\/>\n\t\t\t<\/svg>\n\t\t<\/span>\n\t<\/span>\n<\/h4>\n<div class=\"qodef-accordion-content\">\n\t<div class=\"qodef-accordion-content-inner\">\n\t\t<p>Auto v\u00f5i transport palume j\u00e4tta selleks sobivasse ning m\u00e4rgitud kohta. Iga maja juures on k\u00fcll piisavalt ruumi, kuid siiski palume parkida vastavalt juhistele.<\/p>\t<\/div>\n<\/div>\n<\/div>\n\t\t<\/div>\n\t\t\t\t<\/div>\n\t\t\t\t<div class=\"elementor-element elementor-element-97d1a42 elementor-widget elementor-widget-kamperen_core_accordion\" data-id=\"97d1a42\" data-element_type=\"widget\" data-widget_type=\"kamperen_core_accordion.default\">\n\t\t\t\t<div class=\"elementor-widget-container\">\n\t\t\t<div class=\"qodef-shortcode qodef-m  qodef-accordion clear qodef-behavior--\u043a\u043e\u043b\u0435\u043d\u0447\u0430\u0442\u044b\u0439 \u0440\u044b\u0447\u0430\u0433 qodef-layout--simple\">\n\t<h4 class=\"qodef-accordion-title\">\n\t<span class=\"qodef-tab-title\">Mis aastaaeg on parim tulemiseks<\/span>\n\t<span class=\"qodef-accordion-mark\">\n\t\t<span class=\"qodef-icon--plus\">\n\t\t\t<svg xmlns=\"http:\/\/www.w3.org\/2000\/svg\" width=\"9.634\" height=\"5.509\" viewBox=\"0 0 9.634 5.509\">\n\t\t\t  <path d=\"M11.006,15.094l3.643-3.646a.686.686,0,0,1,.972,0,.694.694,0,0,1,0,.975l-4.128,4.131a.687.687,0,0,1-.949.02L6.388,12.427a.689.689,0,1,1,.972-.975Z\" transform=\"translate(-6.188 -11.246)\"\/>\n\t\t\t<\/svg>\n\t\t<\/span>\n\t\t<span class=\"qodef-icon--minus\">\n\t\t\t<svg xmlns=\"http:\/\/www.w3.org\/2000\/svg\" width=\"9.634\" height=\"5.509\" viewBox=\"0 0 9.634 5.509\">\n                <path d=\"M11.006,15.094l3.643-3.646a.686.686,0,0,1,.972,0,.694.694,0,0,1,0,.975l-4.128,4.131a.687.687,0,0,1-.949.02L6.388,12.427a.689.689,0,1,1,.972-.975Z\" transform=\"translate(15.822 16.755) rotate(180)\"\/>\n\t\t\t<\/svg>\n\t\t<\/span>\n\t<\/span>\n<\/h4>\n<div class=\"qodef-accordion-content\">\n\t<div class=\"qodef-accordion-content-inner\">\n\t\t<p>Meie majad on varustatud konditsioneeriga ning oleme teid valmis majutama igal aastaajal, kuid siiski t\u00f6\u00f6tame ainult soojal perioodil.<\/p>\t<\/div>\n<\/div>\n<\/div>\n\t\t<\/div>\n\t\t\t\t<\/div>\n\t\t\t\t<div class=\"elementor-element elementor-element-b8256c2 elementor-widget elementor-widget-kamperen_core_accordion\" data-id=\"b8256c2\" data-element_type=\"widget\" data-widget_type=\"kamperen_core_accordion.default\">\n\t\t\t\t<div class=\"elementor-widget-container\">\n\t\t\t<div class=\"qodef-shortcode qodef-m  qodef-accordion clear qodef-behavior--\u043a\u043e\u043b\u0435\u043d\u0447\u0430\u0442\u044b\u0439 \u0440\u044b\u0447\u0430\u0433 qodef-layout--simple\">\n\t<h4 class=\"qodef-accordion-title\">\n\t<span class=\"qodef-tab-title\">Kui kaugel on rand ja kas see on ujutav ning hea v\u00e4ikestele lastele<\/span>\n\t<span class=\"qodef-accordion-mark\">\n\t\t<span class=\"qodef-icon--plus\">\n\t\t\t<svg xmlns=\"http:\/\/www.w3.org\/2000\/svg\" width=\"9.634\" height=\"5.509\" viewBox=\"0 0 9.634 5.509\">\n\t\t\t  <path d=\"M11.006,15.094l3.643-3.646a.686.686,0,0,1,.972,0,.694.694,0,0,1,0,.975l-4.128,4.131a.687.687,0,0,1-.949.02L6.388,12.427a.689.689,0,1,1,.972-.975Z\" transform=\"translate(-6.188 -11.246)\"\/>\n\t\t\t<\/svg>\n\t\t<\/span>\n\t\t<span class=\"qodef-icon--minus\">\n\t\t\t<svg xmlns=\"http:\/\/www.w3.org\/2000\/svg\" width=\"9.634\" height=\"5.509\" viewBox=\"0 0 9.634 5.509\">\n                <path d=\"M11.006,15.094l3.643-3.646a.686.686,0,0,1,.972,0,.694.694,0,0,1,0,.975l-4.128,4.131a.687.687,0,0,1-.949.02L6.388,12.427a.689.689,0,1,1,.972-.975Z\" transform=\"translate(15.822 16.755) rotate(180)\"\/>\n\t\t\t<\/svg>\n\t\t<\/span>\n\t<\/span>\n<\/h4>\n<div class=\"qodef-accordion-content\">\n\t<div class=\"qodef-accordion-content-inner\">\n\t\t<p>Peipsi j\u00e4rv on linnulennult 400 m kaugusel ning rand on v\u00e4ga hea lastega liival m\u00e4ngimiseks ning ujumiseks. Vesi ei l\u00e4he kiiresti s\u00fcgavaks ning seega on ka v\u00e4iksematele lastele hea ujumiskoht. PS! Kuid olege palun valvasad ja j\u00e4lgige alati v\u00e4ikeseid lapsi.<\/p>\t<\/div>\n<\/div>\n<\/div>\n\t\t<\/div>\n\t\t\t\t<\/div>\n\t\t\t\t<div class=\"elementor-element elementor-element-6c2705c elementor-widget elementor-widget-kamperen_core_accordion\" data-id=\"6c2705c\" data-element_type=\"widget\" data-widget_type=\"kamperen_core_accordion.default\">\n\t\t\t\t<div class=\"elementor-widget-container\">\n\t\t\t<div class=\"qodef-shortcode qodef-m  qodef-accordion clear qodef-behavior--\u043a\u043e\u043b\u0435\u043d\u0447\u0430\u0442\u044b\u0439 \u0440\u044b\u0447\u0430\u0433 qodef-layout--simple\">\n\t<h4 class=\"qodef-accordion-title\">\n\t<span class=\"qodef-tab-title\">Kas teie juurde on v\u00f5imalik majutust broneerida ka l\u00e4bi Booking.com&#039;i?<\/span>\n\t<span class=\"qodef-accordion-mark\">\n\t\t<span class=\"qodef-icon--plus\">\n\t\t\t<svg xmlns=\"http:\/\/www.w3.org\/2000\/svg\" width=\"9.634\" height=\"5.509\" viewBox=\"0 0 9.634 5.509\">\n\t\t\t  <path d=\"M11.006,15.094l3.643-3.646a.686.686,0,0,1,.972,0,.694.694,0,0,1,0,.975l-4.128,4.131a.687.687,0,0,1-.949.02L6.388,12.427a.689.689,0,1,1,.972-.975Z\" transform=\"translate(-6.188 -11.246)\"\/>\n\t\t\t<\/svg>\n\t\t<\/span>\n\t\t<span class=\"qodef-icon--minus\">\n\t\t\t<svg xmlns=\"http:\/\/www.w3.org\/2000\/svg\" width=\"9.634\" height=\"5.509\" viewBox=\"0 0 9.634 5.509\">\n                <path d=\"M11.006,15.094l3.643-3.646a.686.686,0,0,1,.972,0,.694.694,0,0,1,0,.975l-4.128,4.131a.687.687,0,0,1-.949.02L6.388,12.427a.689.689,0,1,1,.972-.975Z\" transform=\"translate(15.822 16.755) rotate(180)\"\/>\n\t\t\t<\/svg>\n\t\t<\/span>\n\t<\/span>\n<\/h4>\n<div class=\"qodef-accordion-content\">\n\t<div class=\"qodef-accordion-content-inner\">\n\t\t<p>Ei, kahjuks seda v\u00f5imalust ei ole.\u00a0<\/p>\t<\/div>\n<\/div>\n<\/div>\n\t\t<\/div>\n\t\t\t\t<\/div>\n\t\t\t\t<div class=\"elementor-element elementor-element-a9c6002 elementor-widget elementor-widget-kamperen_core_accordion\" data-id=\"a9c6002\" data-element_type=\"widget\" data-widget_type=\"kamperen_core_accordion.default\">\n\t\t\t\t<div class=\"elementor-widget-container\">\n\t\t\t<div class=\"qodef-shortcode qodef-m  qodef-accordion clear qodef-behavior--\u043a\u043e\u043b\u0435\u043d\u0447\u0430\u0442\u044b\u0439 \u0440\u044b\u0447\u0430\u0433 qodef-layout--simple\">\n\t<h4 class=\"qodef-accordion-title\">\n\t<span class=\"qodef-tab-title\">Kas hiina laternaid v\u00f5i kasutada teie territooriumil?<\/span>\n\t<span class=\"qodef-accordion-mark\">\n\t\t<span class=\"qodef-icon--plus\">\n\t\t\t<svg xmlns=\"http:\/\/www.w3.org\/2000\/svg\" width=\"9.634\" height=\"5.509\" viewBox=\"0 0 9.634 5.509\">\n\t\t\t  <path d=\"M11.006,15.094l3.643-3.646a.686.686,0,0,1,.972,0,.694.694,0,0,1,0,.975l-4.128,4.131a.687.687,0,0,1-.949.02L6.388,12.427a.689.689,0,1,1,.972-.975Z\" transform=\"translate(-6.188 -11.246)\"\/>\n\t\t\t<\/svg>\n\t\t<\/span>\n\t\t<span class=\"qodef-icon--minus\">\n\t\t\t<svg xmlns=\"http:\/\/www.w3.org\/2000\/svg\" width=\"9.634\" height=\"5.509\" viewBox=\"0 0 9.634 5.509\">\n                <path d=\"M11.006,15.094l3.643-3.646a.686.686,0,0,1,.972,0,.694.694,0,0,1,0,.975l-4.128,4.131a.687.687,0,0,1-.949.02L6.388,12.427a.689.689,0,1,1,.972-.975Z\" transform=\"translate(15.822 16.755) rotate(180)\"\/>\n\t\t\t<\/svg>\n\t\t<\/span>\n\t<\/span>\n<\/h4>\n<div class=\"qodef-accordion-content\">\n\t<div class=\"qodef-accordion-content-inner\">\n\t\t<p>Puhkemajas ja selle territooriumil ei tohi kasutada lahtist tulev\u00e4rki, k\u00fc\u00fcnlaid ja paber\/hiina laternaid, kuid palun vaadake t\u00e4psemat infot Majutuse tingimustest.<\/p>\t<\/div>\n<\/div>\n<\/div>\n\t\t<\/div>\n\t\t\t\t<\/div>\n\t\t\t\t<div class=\"elementor-element elementor-element-92f3c9f elementor-widget elementor-widget-kamperen_core_accordion\" data-id=\"92f3c9f\" data-element_type=\"widget\" data-widget_type=\"kamperen_core_accordion.default\">\n\t\t\t\t<div class=\"elementor-widget-container\">\n\t\t\t<div class=\"qodef-shortcode qodef-m  qodef-accordion clear qodef-behavior--\u043a\u043e\u043b\u0435\u043d\u0447\u0430\u0442\u044b\u0439 \u0440\u044b\u0447\u0430\u0433 qodef-layout--simple\">\n\t<h4 class=\"qodef-accordion-title\">\n\t<span class=\"qodef-tab-title\">Kas paadi saame lasta vette teie juures?<\/span>\n\t<span class=\"qodef-accordion-mark\">\n\t\t<span class=\"qodef-icon--plus\">\n\t\t\t<svg xmlns=\"http:\/\/www.w3.org\/2000\/svg\" width=\"9.634\" height=\"5.509\" viewBox=\"0 0 9.634 5.509\">\n\t\t\t  <path d=\"M11.006,15.094l3.643-3.646a.686.686,0,0,1,.972,0,.694.694,0,0,1,0,.975l-4.128,4.131a.687.687,0,0,1-.949.02L6.388,12.427a.689.689,0,1,1,.972-.975Z\" transform=\"translate(-6.188 -11.246)\"\/>\n\t\t\t<\/svg>\n\t\t<\/span>\n\t\t<span class=\"qodef-icon--minus\">\n\t\t\t<svg xmlns=\"http:\/\/www.w3.org\/2000\/svg\" width=\"9.634\" height=\"5.509\" viewBox=\"0 0 9.634 5.509\">\n                <path d=\"M11.006,15.094l3.643-3.646a.686.686,0,0,1,.972,0,.694.694,0,0,1,0,.975l-4.128,4.131a.687.687,0,0,1-.949.02L6.388,12.427a.689.689,0,1,1,.972-.975Z\" transform=\"translate(15.822 16.755) rotate(180)\"\/>\n\t\t\t<\/svg>\n\t\t<\/span>\n\t<\/span>\n<\/h4>\n<div class=\"qodef-accordion-content\">\n\t<div class=\"qodef-accordion-content-inner\">\n\t\t<p>Jah, meil on k\u00e4mpingu k\u00f5rval olemas slipi koht ning seda saab kasutada eraldi tasu eest.<\/p>\t<\/div>\n<\/div>\n<\/div>\n\t\t<\/div>\n\t\t\t\t<\/div>\n\t\t\t\t\t<\/div>\n\t\t<\/div>\n\t\t\t\t\t<\/div>\n\t\t<\/section>\n\t\t\t\t<section class=\"elementor-section elementor-top-section elementor-element elementor-element-f77b99c elementor-section-full_width qodef-elementor-content-grid elementor-section-height-default elementor-section-height-default\" data-id=\"f77b99c\" data-element_type=\"section\">\n\t\t\t\t\t\t<div class=\"elementor-container elementor-column-gap-default\">\n\t\t\t\t\t<div class=\"elementor-column elementor-col-100 elementor-top-column elementor-element elementor-element-6766be7\" data-id=\"6766be7\" data-element_type=\"column\">\n\t\t\t<div class=\"elementor-widget-wrap elementor-element-populated\">\n\t\t\t\t\t\t<div class=\"elementor-element elementor-element-a3b0403 elementor-widget elementor-widget-text-editor\" data-id=\"a3b0403\" data-element_type=\"widget\" data-widget_type=\"text-editor.default\">\n\t\t\t\t<div class=\"elementor-widget-container\">\n\t\t\t<style>\/*! elementor - v3.22.0 - 17-06-2024 *\/\n.elementor-widget-text-editor.elementor-drop-cap-view-stacked .elementor-drop-cap{background-color:#69727d;color:#fff}.elementor-widget-text-editor.elementor-drop-cap-view-framed .elementor-drop-cap{color:#69727d;border:3px solid;background-color:transparent}.elementor-widget-text-editor:not(.elementor-drop-cap-view-default) .elementor-drop-cap{margin-top:8px}.elementor-widget-text-editor:not(.elementor-drop-cap-view-default) .elementor-drop-cap-letter{width:1em;height:1em}.elementor-widget-text-editor .elementor-drop-cap{float:left;text-align:center;line-height:1;font-size:50px}.elementor-widget-text-editor .elementor-drop-cap-letter{display:inline-block}<\/style>\t\t\t\t<h3>\u041d\u0430 \u0412\u0430\u0448 \u0432\u043e\u043f\u0440\u043e\u0441 \u043d\u0435 \u0431\u044b\u043b\u043e \u043e\u0442\u0432\u0435\u0442\u0430, \u0438\u043b\u0438 \u0435\u0433\u043e \u0432\u043e\u043e\u0431\u0449\u0435 \u043d\u0435 \u0431\u044b\u043b\u043e? \u0422\u043e\u0433\u0434\u0430, \u043f\u043e\u0436\u0430\u043b\u0443\u0439\u0441\u0442\u0430, \u0441\u043f\u0440\u043e\u0441\u0438\u0442\u0435 \u043d\u0430\u0441 \u043d\u0430\u043f\u0440\u044f\u043c\u0443\u044e.<\/h3>\t\t\t\t\t\t<\/div>\n\t\t\t\t<\/div>\n\t\t\t\t<div class=\"elementor-element elementor-element-2a59b57 elementor-widget elementor-widget-wp-widget-kamperen_core_contact_form_7\" data-id=\"2a59b57\" data-element_type=\"widget\" data-widget_type=\"wp-widget-kamperen_core_contact_form_7.default\">\n\t\t\t\t<div class=\"elementor-widget-container\">\n\t\t\t\t\t\t<div class=\"qodef-contact-form-7\">\n\t\t\t\t\n<div class=\"wpcf7 no-js\" id=\"wpcf7-f11602-o1\" lang=\"ru-RU\" dir=\"ltr\">\n<div class=\"screen-reader-response\"><p role=\"status\" aria-live=\"polite\" aria-atomic=\"true\"><\/p> <ul><\/ul><\/div>\n<form action=\"\/ru\/wp-json\/wp\/v2\/pages\/11660#wpcf7-f11602-o1\" method=\"post\" class=\"wpcf7-form init\" aria-label=\"\u041a\u043e\u043d\u0442\u0430\u043a\u0442\u043d\u0430\u044f \u0444\u043e\u0440\u043c\u0430\" novalidate=\"novalidate\" data-status=\"init\">\n<div style=\"display: none;\">\n<input type=\"hidden\" name=\"_wpcf7\" value=\"11602\" \/>\n<input type=\"hidden\" name=\"_wpcf7_version\" value=\"5.9.6\" \/>\n<input type=\"hidden\" name=\"_wpcf7_locale\" value=\"ru_RU\" \/>\n<input type=\"hidden\" name=\"_wpcf7_unit_tag\" value=\"wpcf7-f11602-o1\" \/>\n<input type=\"hidden\" name=\"_wpcf7_container_post\" value=\"0\" \/>\n<input type=\"hidden\" name=\"_wpcf7_posted_data_hash\" value=\"\" \/>\n<\/div>\n<div class=\"qodef-contact-form-style\"><span class=\"wpcf7-form-control-wrap\" data-name=\"message\"><textarea cols=\"10\" rows=\"6\" maxlength=\"400\" class=\"wpcf7-form-control wpcf7-textarea wpcf7-validates-as-required\" aria-required=\"true\" aria-invalid=\"false\" placeholder=\"\u0421\u043e\u043e\u0431\u0449\u0435\u043d\u0438\u0435 *\" name=\"message\"><\/textarea><\/span><div class=\"qodef-contact-form-grid-style\"><span class=\"wpcf7-form-control-wrap\" data-name=\"your-name\"><input size=\"40\" maxlength=\"80\" class=\"wpcf7-form-control wpcf7-text wpcf7-validates-as-required\" aria-required=\"true\" aria-invalid=\"false\" placeholder=\"\u0418\u043c\u044f *\" value=\"\" type=\"text\" name=\"your-name\" \/><\/span><span class=\"wpcf7-form-control-wrap\" data-name=\"your-email\"><input size=\"40\" maxlength=\"80\" class=\"wpcf7-form-control wpcf7-email wpcf7-validates-as-required wpcf7-text wpcf7-validates-as-email\" aria-required=\"true\" aria-invalid=\"false\" placeholder=\"Email *\" value=\"\" type=\"email\" name=\"your-email\" \/><\/span><span class=\"wpcf7-form-control-wrap\" data-name=\"your-phone\"><input size=\"40\" maxlength=\"80\" class=\"wpcf7-form-control wpcf7-tel wpcf7-text wpcf7-validates-as-tel\" aria-invalid=\"false\" placeholder=\"\u0422\u0435\u043b\u0435\u0444\u043e\u043d\" value=\"\" type=\"tel\" name=\"your-phone\" \/><\/span><\/div><button class=\"wpcf7-form-control wpcf7-submit qodef-shortcode qodef-m  qodef-button qodef-layout--textual  qodef-html--link\" type=\"submit\"><span class=\"qodef-m-text\">Send<\/span><span class=\"qodef-m-icon\"><svg xmlns=\"http:\/\/www.w3.org\/2000\/svg\" width=\"20.053\" height=\"10.039\" viewBox=\"0 0 20.053 10.039\"><path d=\"M17.474,11.444a.683.683,0,0,0-.005.962l3.179,3.184H3.549a.68.68,0,0,0,0,1.359H20.643l-3.179,3.184a.688.688,0,0,0,.005.962.677.677,0,0,0,.957-.005l4.308-4.34h0a.763.763,0,0,0,.141-.214.649.649,0,0,0,.052-.261.681.681,0,0,0-.193-.476l-4.308-4.34A.666.666,0,0,0,17.474,11.444Z\" transform=\"translate(-2.875 -11.252)\"><\/path><\/svg><\/span><\/button><\/div><div class=\"wpcf7-response-output\" aria-hidden=\"true\"><\/div>\n<\/form>\n<\/div>\n\t\t\t<\/div>\n\t\t\t\t\t<\/div>\n\t\t\t\t<\/div>\n\t\t\t\t\t<\/div>\n\t\t<\/div>\n\t\t\t\t\t<\/div>\n\t\t<\/section>\n\t\t\t\t<\/div>\n\t\t","protected":false},"excerpt":{"rendered":"<p>Koeraga peatumine Lemmikloomaga tulemine on lubatud, vajalik eelnev kokkuleppe. Palume tagada, et teie koer\u00a0 ei\u00a0 h\u00e4iriks avalikku korda, teiste puhkajate rahu ega teisi loomi. Lemmikloom ei tohi j\u00e4\u00e4da k\u00e4mpingus ega seda \u00fcmbritseval territooriumil j\u00e4relevalveta. Jalutama minnes \u00e4ra unusta kaasa v\u00f5tta h\u00fcgieenikott oma lemmikule. Hoiame puhtust ja loodust! Lemmiklooma omanik kannab t\u00e4ielikku vastutust k\u00f5igi tagaj\u00e4rgede eest [&hellip;]<\/p>\n","protected":false},"author":1,"featured_media":0,"parent":0,"menu_order":0,"comment_status":"closed","ping_status":"closed","template":"page-full-width.php","meta":{"_seopress_robots_primary_cat":"","_seopress_titles_title":"","_seopress_titles_desc":"","_seopress_robots_index":"","ngg_post_thumbnail":0,"footnotes":""},"_links":{"self":[{"href":"https:\/\/joepuhkekeskus.ee\/ru\/wp-json\/wp\/v2\/pages\/11660"}],"collection":[{"href":"https:\/\/joepuhkekeskus.ee\/ru\/wp-json\/wp\/v2\/pages"}],"about":[{"href":"https:\/\/joepuhkekeskus.ee\/ru\/wp-json\/wp\/v2\/types\/page"}],"author":[{"embeddable":true,"href":"https:\/\/joepuhkekeskus.ee\/ru\/wp-json\/wp\/v2\/users\/1"}],"replies":[{"embeddable":true,"href":"https:\/\/joepuhkekeskus.ee\/ru\/wp-json\/wp\/v2\/comments?post=11660"}],"version-history":[{"count":6,"href":"https:\/\/joepuhkekeskus.ee\/ru\/wp-json\/wp\/v2\/pages\/11660\/revisions"}],"predecessor-version":[{"id":11721,"href":"https:\/\/joepuhkekeskus.ee\/ru\/wp-json\/wp\/v2\/pages\/11660\/revisions\/11721"}],"wp:attachment":[{"href":"https:\/\/joepuhkekeskus.ee\/ru\/wp-json\/wp\/v2\/media?parent=11660"}],"curies":[{"name":"wp","href":"https:\/\/api.w.org\/{rel}","templated":true}]}}