{"id":12737,"date":"2024-08-23T09:30:23","date_gmt":"2024-08-23T06:30:23","guid":{"rendered":"https:\/\/joepuhkekeskus.ee\/parkimine\/"},"modified":"2024-08-23T09:51:59","modified_gmt":"2024-08-23T06:51:59","slug":"parkovka","status":"publish","type":"page","link":"https:\/\/joepuhkekeskus.ee\/ru\/parkovka\/","title":{"rendered":"\u041f\u0430\u0440\u043a\u043e\u0432\u043a\u0430"},"content":{"rendered":"\n<p><\/p>\n\n\n\n<p class=\"has-medium-font-size\"><strong>\u041a\u0430\u043a \u043f\u043e\u043b\u0443\u0447\u0438\u0442\u044c \u043a\u043b\u044e\u0447 \u043e\u0442 \u043a\u0435\u043c\u043f\u0438\u043d\u0433\u0430 \u0438 \u043f\u0443\u043b\u044c\u0442 \u0434\u0438\u0441\u0442\u0430\u043d\u0446\u0438\u043e\u043d\u043d\u043e\u0433\u043e \u0443\u043f\u0440\u0430\u0432\u043b\u0435\u043d\u0438\u044f \u0434\u043b\u044f \u0432\u043e\u0440\u043e\u0442:<\/strong><\/p>\n\n\n\n<ul>\n<li>\u0421\u0435\u0439\u0444 \u0434\u043b\u044f \u043a\u043b\u044e\u0447\u0435\u0439: \u0440\u044f\u0434\u043e\u043c \u0441 \u0434\u0432\u0435\u0440\u044c\u044e \u0434\u043e\u043c\u0430 \u043d\u0430\u0445\u043e\u0434\u0438\u0442\u0441\u044f \u0441\u0435\u0439\u0444 \u0434\u043b\u044f \u043a\u043b\u044e\u0447\u0435\u0439. \u0427\u0442\u043e\u0431\u044b \u043e\u0442\u043a\u0440\u044b\u0442\u044c \u0435\u0433\u043e, \u0432\u0432\u0435\u0434\u0438\u0442\u0435 \u043f\u0440\u0435\u0434\u043e\u0441\u0442\u0430\u0432\u043b\u0435\u043d\u043d\u044b\u0439 \u0432\u0430\u043c \u043a\u043e\u0434.<\/li>\n\n\n\n<li>\u041f\u043e\u0442\u044f\u043d\u0438\u0442\u0435 \u0437\u0430 \u043a\u043d\u043e\u043f\u043a\u0443: \u043f\u043e\u0441\u043b\u0435 \u0432\u0432\u043e\u0434\u0430 \u043a\u043e\u0434\u0430 \u043f\u043e\u0442\u044f\u043d\u0438\u0442\u0435 \u0437\u0430 \u043a\u043d\u043e\u043f\u043a\u0443 \u0441 \u043b\u0435\u0432\u043e\u0439 \u0441\u0442\u043e\u0440\u043e\u043d\u044b.<\/li>\n\n\n\n<li>\u0418\u0437\u0432\u043b\u0435\u0447\u0435\u043d\u0438\u0435 \u043a\u043b\u044e\u0447\u0430: \u043e\u0442\u043a\u0440\u043e\u0435\u0442\u0441\u044f \u0441\u0435\u0440\u0430\u044f \u043a\u043e\u0440\u043e\u0431\u043a\u0430, \u0432 \u043a\u043e\u0442\u043e\u0440\u043e\u0439 \u0432\u044b \u043d\u0430\u0439\u0434\u0435\u0442\u0435 \u043a\u043b\u044e\u0447 \u043e\u0442 \u0434\u043e\u043c\u0430.<\/li>\n<\/ul>\n\n\n\n<p class=\"has-medium-font-size\"><br>\u0412\u0430\u0436\u043d\u0430\u044f \u0438\u043d\u0444\u043e\u0440\u043c\u0430\u0446\u0438\u044f \u0434\u043b\u044f \u043f\u043e\u0441\u0435\u0442\u0438\u0442\u0435\u043b\u0435\u0439:<\/p>\n\n\n\n<ul>\n<li>\u041f\u043e\u0436\u0430\u043b\u0443\u0439\u0441\u0442\u0430, \u043e\u0441\u0442\u0430\u0432\u044c\u0442\u0435 \u0441\u0432\u043e\u0439 \u0430\u0432\u0442\u043e\u043c\u043e\u0431\u0438\u043b\u044c \u0437\u0430 \u0432\u043e\u0440\u043e\u0442\u0430\u043c\u0438. \u041f\u043e\u044d\u0442\u043e\u043c\u0443 \u0432\u0430\u043c \u043d\u0435 \u043d\u0443\u0436\u043d\u043e \u043f\u043b\u0430\u0442\u0438\u0442\u044c \u043f\u043b\u0430\u0442\u0443 \u0437\u0430 \u043f\u0430\u0440\u043a\u043e\u0432\u043a\u0443 Europark (5 \u0435\u0432\u0440\u043e) \u043f\u0440\u0438 \u0432\u044a\u0435\u0437\u0434\u0435.<\/li>\n\n\n\n<li>\u0412\u044a\u0435\u0437\u0434 \u043d\u0430 \u0442\u0435\u0440\u0440\u0438\u0442\u043e\u0440\u0438\u044e: \u0432\u043e\u0439\u0434\u0438\u0442\u0435 \u043d\u0430 \u0442\u0435\u0440\u0440\u0438\u0442\u043e\u0440\u0438\u044e \u0447\u0435\u0440\u0435\u0437 \u043e\u0442\u0432\u0435\u0440\u0441\u0442\u0438\u0435 \u0440\u044f\u0434\u043e\u043c \u0441 \u0432\u043e\u0440\u043e\u0442\u0430\u043c\u0438. \u041d\u0430\u0439\u0434\u044f \u043c\u0435\u0441\u0442\u043e \u0434\u043b\u044f \u043a\u0435\u043c\u043f\u0438\u043d\u0433\u0430, \u0438\u0441\u043f\u043e\u043b\u044c\u0437\u0443\u0439\u0442\u0435 \u043f\u0440\u0435\u0434\u043e\u0441\u0442\u0430\u0432\u043b\u0435\u043d\u043d\u044b\u0439 \u0432\u0430\u043c \u043a\u043e\u0434\u043e\u0432\u044b\u0439 \u0437\u0430\u043c\u043e\u043a.<\/li>\n\n\n\n<li>\u041e\u0442\u043a\u0440\u044b\u0442\u0438\u0435 \u0432\u043e\u0440\u043e\u0442: \u043a\u043b\u044e\u0447\u0438 \u043e\u0442 \u043a\u0435\u043c\u043f\u0438\u043d\u0433\u0430 \u043f\u043e\u0441\u0442\u0430\u0432\u043b\u044f\u044e\u0442\u0441\u044f \u0441 \u043f\u0443\u043b\u044c\u0442\u043e\u043c \u0434\u0438\u0441\u0442\u0430\u043d\u0446\u0438\u043e\u043d\u043d\u043e\u0433\u043e \u0443\u043f\u0440\u0430\u0432\u043b\u0435\u043d\u0438\u044f \u0434\u043b\u044f \u0432\u043e\u0440\u043e\u0442. \u0427\u0442\u043e\u0431\u044b \u043e\u0442\u043a\u0440\u044b\u0442\u044c \u0432\u043e\u0440\u043e\u0442\u0430, \u043d\u0430\u0436\u043c\u0438\u0442\u0435 \u043b\u0435\u0432\u0443\u044e \u043a\u043d\u043e\u043f\u043a\u0443 \u0438 \u0432\u044a\u0435\u0437\u0436\u0430\u0439\u0442\u0435 \u043d\u0430 \u0442\u0435\u0440\u0440\u0438\u0442\u043e\u0440\u0438\u044e.<\/li>\n\n\n\n<li>\u041e\u0442\u044a\u0435\u0437\u0434: \u043f\u0440\u0438 \u0432\u044b\u0435\u0437\u0434\u0435 \u0432\u044b\u043f\u043e\u043b\u043d\u0438\u0442\u0435 \u0442\u0443 \u0436\u0435 \u043f\u0440\u043e\u0446\u0435\u0434\u0443\u0440\u0443, \u0447\u0442\u043e \u0438 \u043f\u0440\u0438 \u0432\u044a\u0435\u0437\u0434\u0435. \u0412\u0435\u0440\u043d\u0438\u0442\u0435 \u043a\u043b\u044e\u0447\u0438 \u043e\u0442 \u043a\u0435\u043c\u043f\u0438\u043d\u0433\u0430 \u0438 \u043f\u0443\u043b\u044c\u0442 \u0434\u0438\u0441\u0442\u0430\u043d\u0446\u0438\u043e\u043d\u043d\u043e\u0433\u043e \u0443\u043f\u0440\u0430\u0432\u043b\u0435\u043d\u0438\u044f \u0432 \u0441\u0435\u0439\u0444 \u0434\u043b\u044f \u043a\u043b\u044e\u0447\u0435\u0439.<\/li>\n<\/ul>\n\n\n\n<p><\/p>\n\n\n\n<p class=\"has-medium-font-size\">\u0414\u043e\u043f\u043e\u043b\u043d\u0438\u0442\u0435\u043b\u044c\u043d\u0430\u044f \u0438\u043d\u0444\u043e\u0440\u043c\u0430\u0446\u0438\u044f:<\/p>\n\n\n\n<p>\u0412 \u0441\u043b\u0443\u0447\u0430\u0435 \u0443\u0442\u0435\u0440\u0438 \u043a\u043b\u044e\u0447\u0430 \u043e\u0442 \u043a\u0435\u043c\u043f\u0438\u043d\u0433\u0430 \u0438 \u043f\u0443\u043b\u044c\u0442\u0430 \u0434\u0438\u0441\u0442\u0430\u043d\u0446\u0438\u043e\u043d\u043d\u043e\u0433\u043e \u0443\u043f\u0440\u0430\u0432\u043b\u0435\u043d\u0438\u044f \u0432\u0437\u0438\u043c\u0430\u0435\u0442\u0441\u044f \u043f\u043b\u0430\u0442\u0430 \u0432 \u0440\u0430\u0437\u043c\u0435\u0440\u0435 50 \u0435\u0432\u0440\u043e.<\/p>\n\n\n\n<p><\/p>\n\n\n\n<p><\/p>\n\n\n\n<p>___<\/p>\n\n\n\n<p>\u0416\u0435\u043b\u0430\u0435\u043c \u0432\u0430\u043c \u043f\u0440\u0438\u044f\u0442\u043d\u043e\u0433\u043e \u043e\u0442\u0434\u044b\u0445\u0430!<\/p>\n\n\n\n<p>\u0421 \u043d\u0430\u0438\u043b\u0443\u0447\u0448\u0438\u043c\u0438 \u043f\u043e\u0436\u0435\u043b\u0430\u043d\u0438\u044f\u043c\u0438,<br>Rannapungerja J\u00f5ek\u00e4\u00e4ru Holiday Center<\/p>\n","protected":false},"excerpt":{"rendered":"<p>\u041a\u0430\u043a \u043f\u043e\u043b\u0443\u0447\u0438\u0442\u044c \u043a\u043b\u044e\u0447 \u043e\u0442 \u043a\u0435\u043c\u043f\u0438\u043d\u0433\u0430 \u0438 \u043f\u0443\u043b\u044c\u0442 \u0434\u0438\u0441\u0442\u0430\u043d\u0446\u0438\u043e\u043d\u043d\u043e\u0433\u043e \u0443\u043f\u0440\u0430\u0432\u043b\u0435\u043d\u0438\u044f \u0434\u043b\u044f \u0432\u043e\u0440\u043e\u0442: \u0412\u0430\u0436\u043d\u0430\u044f \u0438\u043d\u0444\u043e\u0440\u043c\u0430\u0446\u0438\u044f \u0434\u043b\u044f \u043f\u043e\u0441\u0435\u0442\u0438\u0442\u0435\u043b\u0435\u0439: \u0414\u043e\u043f\u043e\u043b\u043d\u0438\u0442\u0435\u043b\u044c\u043d\u0430\u044f \u0438\u043d\u0444\u043e\u0440\u043c\u0430\u0446\u0438\u044f: \u0412 \u0441\u043b\u0443\u0447\u0430\u0435 \u0443\u0442\u0435\u0440\u0438 \u043a\u043b\u044e\u0447\u0430 \u043e\u0442 \u043a\u0435\u043c\u043f\u0438\u043d\u0433\u0430 \u0438 \u043f\u0443\u043b\u044c\u0442\u0430 \u0434\u0438\u0441\u0442\u0430\u043d\u0446\u0438\u043e\u043d\u043d\u043e\u0433\u043e \u0443\u043f\u0440\u0430\u0432\u043b\u0435\u043d\u0438\u044f \u0432\u0437\u0438\u043c\u0430\u0435\u0442\u0441\u044f \u043f\u043b\u0430\u0442\u0430 \u0432 \u0440\u0430\u0437\u043c\u0435\u0440\u0435 50 \u0435\u0432\u0440\u043e. ___ \u0416\u0435\u043b\u0430\u0435\u043c \u0432\u0430\u043c \u043f\u0440\u0438\u044f\u0442\u043d\u043e\u0433\u043e \u043e\u0442\u0434\u044b\u0445\u0430! \u0421 \u043d\u0430\u0438\u043b\u0443\u0447\u0448\u0438\u043c\u0438 \u043f\u043e\u0436\u0435\u043b\u0430\u043d\u0438\u044f\u043c\u0438,Rannapungerja J\u00f5ek\u00e4\u00e4ru Holiday Center<\/p>\n","protected":false},"author":2,"featured_media":0,"parent":0,"menu_order":0,"comment_status":"closed","ping_status":"closed","template":"","meta":{"_seopress_robots_primary_cat":"","_seopress_titles_title":"","_seopress_titles_desc":"Siit leiate samm-sammulised juhised oma k\u00e4mpingu v\u00f5tmete k\u00e4ttesaamiseks ja v\u00e4rava avamiseks, et teie puhkus kulgeks muretult. Lisainfo parkimisest ja v\u00f5tmete tagastamisest.","_seopress_robots_index":"","ngg_post_thumbnail":0,"footnotes":""},"_links":{"self":[{"href":"https:\/\/joepuhkekeskus.ee\/ru\/wp-json\/wp\/v2\/pages\/12737"}],"collection":[{"href":"https:\/\/joepuhkekeskus.ee\/ru\/wp-json\/wp\/v2\/pages"}],"about":[{"href":"https:\/\/joepuhkekeskus.ee\/ru\/wp-json\/wp\/v2\/types\/page"}],"author":[{"embeddable":true,"href":"https:\/\/joepuhkekeskus.ee\/ru\/wp-json\/wp\/v2\/users\/2"}],"replies":[{"embeddable":true,"href":"https:\/\/joepuhkekeskus.ee\/ru\/wp-json\/wp\/v2\/comments?post=12737"}],"version-history":[{"count":12,"href":"https:\/\/joepuhkekeskus.ee\/ru\/wp-json\/wp\/v2\/pages\/12737\/revisions"}],"predecessor-version":[{"id":12767,"href":"https:\/\/joepuhkekeskus.ee\/ru\/wp-json\/wp\/v2\/pages\/12737\/revisions\/12767"}],"wp:attachment":[{"href":"https:\/\/joepuhkekeskus.ee\/ru\/wp-json\/wp\/v2\/media?parent=12737"}],"curies":[{"name":"wp","href":"https:\/\/api.w.org\/{rel}","templated":true}]}}